{"id":2,"date":"2025-05-11T16:24:31","date_gmt":"2025-05-11T16:24:31","guid":{"rendered":"https:\/\/inmagrohn.com\/?page_id=2"},"modified":"2025-05-15T22:35:39","modified_gmt":"2025-05-16T04:35:39","slug":"sample-page","status":"publish","type":"page","link":"https:\/\/inmagrohn.com\/?page_id=2","title":{"rendered":"Servicios especializados"},"content":{"rendered":"<div class=\"is-default-size alignleft wp-block-site-logo\"><a href=\"https:\/\/inmagrohn.com\/\" class=\"custom-logo-link\" rel=\"home\"><img loading=\"lazy\" decoding=\"async\" width=\"1024\" height=\"1024\" src=\"https:\/\/inmagrohn.com\/wp-content\/uploads\/2025\/05\/Logo-Inmagro-PNG-1.png\" class=\"custom-logo\" alt=\"INMAGROHN\" srcset=\"https:\/\/inmagrohn.com\/wp-content\/uploads\/2025\/05\/Logo-Inmagro-PNG-1.png 1024w, https:\/\/inmagrohn.com\/wp-content\/uploads\/2025\/05\/Logo-Inmagro-PNG-1-300x300.png 300w, https:\/\/inmagrohn.com\/wp-content\/uploads\/2025\/05\/Logo-Inmagro-PNG-1-150x150.png 150w, https:\/\/inmagrohn.com\/wp-content\/uploads\/2025\/05\/Logo-Inmagro-PNG-1-768x768.png 768w, https:\/\/inmagrohn.com\/wp-content\/uploads\/2025\/05\/Logo-Inmagro-PNG-1-12x12.png 12w, https:\/\/inmagrohn.com\/wp-content\/uploads\/2025\/05\/Logo-Inmagro-PNG-1-600x600.png 600w, https:\/\/inmagrohn.com\/wp-content\/uploads\/2025\/05\/Logo-Inmagro-PNG-1-100x100.png 100w\" sizes=\"auto, (max-width: 1024px) 100vw, 1024px\" \/><\/a><\/div>\n\n\n<blockquote class=\"wp-block-quote alignwide is-layout-flow wp-block-quote-is-layout-flow\">\n<p>Nuestro equipo de expertos trabaja de la mano con los productores, ofreciendo soluciones adaptadas a cada cultivo y regi\u00f3n, garantizando as\u00ed un impacto positivo en la productividad y rentabilidad del agro. \u00c1reas de Especializaci\u00f3n.<\/p>\n\n\n\n<p>\u2705 Venta de insumos agr\u00edcolas: Semillas h\u00edbridas, fertilizantes, bioestimulantes y agroqu\u00edmicos.<\/p>\n\n\n\n<p>\u2705 Asesor\u00eda t\u00e9cnica especializada: Diagn\u00f3stico de cultivos, manejo de plagas y enfermedades, recomendaciones agron\u00f3micas.<\/p>\n\n\n\n<p>\u2705 Innovaci\u00f3n y tecnolog\u00eda: Implementaci\u00f3n de herramientas digitales y t\u00e9cnicas avanzadas para mejorar la producci\u00f3n.<\/p>\n\n\n\n<p>\u2705 Inversi\u00f3n en el agro: Desarrollo de proyectos agr\u00edcolas y financiamiento de cultivos estrat\u00e9gicos. Con InMagro, la agricultura evoluciona hacia un modelo m\u00e1s eficiente, rentable y sostenible. <\/p>\n\n\n\n<p>\u00a1Conf\u00eda en nuestra experiencia y crece con nosotros!<font _mstmutation=\"1\"><\/font><\/p>\n\n\n\n<p><font _mstmutation=\"1\"><\/font><\/p>\n<\/blockquote>\n\n\n\n<p><font _mstmutation=\"1\"><\/font><\/p>\n\n\n\n<p><font _mstmutation=\"1\"><\/font><\/p>\n\n\n\n<p><font _mstmutation=\"1\"><\/font><\/p>\n","protected":false},"excerpt":{"rendered":"<p>Nuestro equipo de expertos trabaja de la mano con los productores, ofreciendo soluciones adaptadas a cada cultivo y regi\u00f3n, garantizando as\u00ed un impacto positivo en la productividad y rentabilidad del agro. \u00c1reas de Especializaci\u00f3n. \u2705 Venta de insumos agr\u00edcolas: Semillas h\u00edbridas, fertilizantes, bioestimulantes y agroqu\u00edmicos. \u2705 Asesor\u00eda t\u00e9cnica especializada: Diagn\u00f3stico de cultivos, manejo de plagas [&hellip;]<\/p>\n","protected":false},"author":1,"featured_media":0,"parent":0,"menu_order":0,"comment_status":"closed","ping_status":"open","template":"","meta":{"footnotes":""},"class_list":["post-2","page","type-page","status-publish","hentry"],"brizy_media":[],"_links":{"self":[{"href":"https:\/\/inmagrohn.com\/index.php?rest_route=\/wp\/v2\/pages\/2","targetHints":{"allow":["GET"]}}],"collection":[{"href":"https:\/\/inmagrohn.com\/index.php?rest_route=\/wp\/v2\/pages"}],"about":[{"href":"https:\/\/inmagrohn.com\/index.php?rest_route=\/wp\/v2\/types\/page"}],"author":[{"embeddable":true,"href":"https:\/\/inmagrohn.com\/index.php?rest_route=\/wp\/v2\/users\/1"}],"replies":[{"embeddable":true,"href":"https:\/\/inmagrohn.com\/index.php?rest_route=%2Fwp%2Fv2%2Fcomments&post=2"}],"version-history":[{"count":4,"href":"https:\/\/inmagrohn.com\/index.php?rest_route=\/wp\/v2\/pages\/2\/revisions"}],"predecessor-version":[{"id":94,"href":"https:\/\/inmagrohn.com\/index.php?rest_route=\/wp\/v2\/pages\/2\/revisions\/94"}],"wp:attachment":[{"href":"https:\/\/inmagrohn.com\/index.php?rest_route=%2Fwp%2Fv2%2Fmedia&parent=2"}],"curies":[{"name":"wp","href":"https:\/\/api.w.org\/{rel}","templated":true}]}}